{"id":295,"date":"2023-03-08T08:53:08","date_gmt":"2023-03-08T08:53:08","guid":{"rendered":"https:\/\/autotrainmu.xyz\/index\/?page_id=295"},"modified":"2023-06-13T03:58:04","modified_gmt":"2023-06-13T03:58:04","slug":"thong-tin-lien-he","status":"publish","type":"page","link":"https:\/\/autotrainmu.xyz\/index\/?page_id=295","title":{"rendered":"Th\u00f4ng tin li\u00ean h\u1ec7:"},"content":{"rendered":"\n<p>Facebook: facebook.com\/TINLTMTK5<\/p>\n\n\n\n<p>Zalo\/Whatapps: +84 798529258 <\/p>\n\n\n\n<p>Discord: Tin#0254<\/p>\n\n\n\n<p><\/p>\n","protected":false},"excerpt":{"rendered":"<p>Facebook: facebook.com\/TINLTMTK5 Zalo\/Whatapps: +84 798529258 Discord: Tin#0254<\/p>\n","protected":false},"author":2,"featured_media":0,"parent":0,"menu_order":0,"comment_status":"closed","ping_status":"closed","template":"","meta":[],"yoast_head":"<!-- This site is optimized with the Yoast SEO plugin v19.6.1 - https:\/\/yoast.com\/wordpress\/plugins\/seo\/ -->\n<title>Th\u00f4ng tin li\u00ean h\u1ec7: - B\u00f9i Ph\u00fa T\u00edn<\/title>\n<meta name=\"robots\" content=\"index, follow, max-snippet:-1, max-image-preview:large, max-video-preview:-1\" \/>\n<link rel=\"canonical\" href=\"https:\/\/autotrainmu.xyz\/index\/?page_id=295\" \/>\n<meta property=\"og:locale\" content=\"vi_VN\" \/>\n<meta property=\"og:type\" content=\"article\" \/>\n<meta property=\"og:title\" content=\"Th\u00f4ng tin li\u00ean h\u1ec7: - B\u00f9i Ph\u00fa T\u00edn\" \/>\n<meta property=\"og:description\" content=\"Facebook: facebook.com\/TINLTMTK5 Zalo\/Whatapps: +84 798529258 Discord: Tin#0254\" \/>\n<meta property=\"og:url\" content=\"https:\/\/autotrainmu.xyz\/index\/?page_id=295\" \/>\n<meta property=\"og:site_name\" content=\"B\u00f9i Ph\u00fa T\u00edn\" \/>\n<meta property=\"article:modified_time\" content=\"2023-06-13T03:58:04+00:00\" \/>\n<meta name=\"twitter:card\" content=\"summary_large_image\" \/>\n<meta name=\"twitter:label1\" content=\"\u01af\u1edbc t\u00ednh th\u1eddi gian \u0111\u1ecdc\" \/>\n\t<meta name=\"twitter:data1\" content=\"1 ph\u00fat\" \/>\n<script type=\"application\/ld+json\" class=\"yoast-schema-graph\">{\"@context\":\"https:\/\/schema.org\",\"@graph\":[{\"@type\":\"WebPage\",\"@id\":\"https:\/\/autotrainmu.xyz\/index\/?page_id=295\",\"url\":\"https:\/\/autotrainmu.xyz\/index\/?page_id=295\",\"name\":\"Th\u00f4ng tin li\u00ean h\u1ec7: - B\u00f9i Ph\u00fa T\u00edn\",\"isPartOf\":{\"@id\":\"https:\/\/autotrainmu.xyz\/index\/#website\"},\"datePublished\":\"2023-03-08T08:53:08+00:00\",\"dateModified\":\"2023-06-13T03:58:04+00:00\",\"breadcrumb\":{\"@id\":\"https:\/\/autotrainmu.xyz\/index\/?page_id=295#breadcrumb\"},\"inLanguage\":\"vi\",\"potentialAction\":[{\"@type\":\"ReadAction\",\"target\":[\"https:\/\/autotrainmu.xyz\/index\/?page_id=295\"]}]},{\"@type\":\"BreadcrumbList\",\"@id\":\"https:\/\/autotrainmu.xyz\/index\/?page_id=295#breadcrumb\",\"itemListElement\":[{\"@type\":\"ListItem\",\"position\":1,\"name\":\"Trang ch\u1ee7\",\"item\":\"https:\/\/autotrainmu.xyz\/index\/\"},{\"@type\":\"ListItem\",\"position\":2,\"name\":\"Th\u00f4ng tin li\u00ean h\u1ec7:\"}]},{\"@type\":\"WebSite\",\"@id\":\"https:\/\/autotrainmu.xyz\/index\/#website\",\"url\":\"https:\/\/autotrainmu.xyz\/index\/\",\"name\":\"B\u00f9i Ph\u00fa T\u00edn\",\"description\":\"by BuiphutinIT\",\"potentialAction\":[{\"@type\":\"SearchAction\",\"target\":{\"@type\":\"EntryPoint\",\"urlTemplate\":\"https:\/\/autotrainmu.xyz\/index\/?s={search_term_string}\"},\"query-input\":\"required name=search_term_string\"}],\"inLanguage\":\"vi\"}]}<\/script>\n<!-- \/ Yoast SEO plugin. -->","yoast_head_json":{"title":"Th\u00f4ng tin li\u00ean h\u1ec7: - B\u00f9i Ph\u00fa T\u00edn","robots":{"index":"index","follow":"follow","max-snippet":"max-snippet:-1","max-image-preview":"max-image-preview:large","max-video-preview":"max-video-preview:-1"},"canonical":"https:\/\/autotrainmu.xyz\/index\/?page_id=295","og_locale":"vi_VN","og_type":"article","og_title":"Th\u00f4ng tin li\u00ean h\u1ec7: - B\u00f9i Ph\u00fa T\u00edn","og_description":"Facebook: facebook.com\/TINLTMTK5 Zalo\/Whatapps: +84 798529258 Discord: Tin#0254","og_url":"https:\/\/autotrainmu.xyz\/index\/?page_id=295","og_site_name":"B\u00f9i Ph\u00fa T\u00edn","article_modified_time":"2023-06-13T03:58:04+00:00","twitter_card":"summary_large_image","twitter_misc":{"\u01af\u1edbc t\u00ednh th\u1eddi gian \u0111\u1ecdc":"1 ph\u00fat"},"schema":{"@context":"https:\/\/schema.org","@graph":[{"@type":"WebPage","@id":"https:\/\/autotrainmu.xyz\/index\/?page_id=295","url":"https:\/\/autotrainmu.xyz\/index\/?page_id=295","name":"Th\u00f4ng tin li\u00ean h\u1ec7: - B\u00f9i Ph\u00fa T\u00edn","isPartOf":{"@id":"https:\/\/autotrainmu.xyz\/index\/#website"},"datePublished":"2023-03-08T08:53:08+00:00","dateModified":"2023-06-13T03:58:04+00:00","breadcrumb":{"@id":"https:\/\/autotrainmu.xyz\/index\/?page_id=295#breadcrumb"},"inLanguage":"vi","potentialAction":[{"@type":"ReadAction","target":["https:\/\/autotrainmu.xyz\/index\/?page_id=295"]}]},{"@type":"BreadcrumbList","@id":"https:\/\/autotrainmu.xyz\/index\/?page_id=295#breadcrumb","itemListElement":[{"@type":"ListItem","position":1,"name":"Trang ch\u1ee7","item":"https:\/\/autotrainmu.xyz\/index\/"},{"@type":"ListItem","position":2,"name":"Th\u00f4ng tin li\u00ean h\u1ec7:"}]},{"@type":"WebSite","@id":"https:\/\/autotrainmu.xyz\/index\/#website","url":"https:\/\/autotrainmu.xyz\/index\/","name":"B\u00f9i Ph\u00fa T\u00edn","description":"by BuiphutinIT","potentialAction":[{"@type":"SearchAction","target":{"@type":"EntryPoint","urlTemplate":"https:\/\/autotrainmu.xyz\/index\/?s={search_term_string}"},"query-input":"required name=search_term_string"}],"inLanguage":"vi"}]}},"_links":{"self":[{"href":"https:\/\/autotrainmu.xyz\/index\/index.php?rest_route=\/wp\/v2\/pages\/295"}],"collection":[{"href":"https:\/\/autotrainmu.xyz\/index\/index.php?rest_route=\/wp\/v2\/pages"}],"about":[{"href":"https:\/\/autotrainmu.xyz\/index\/index.php?rest_route=\/wp\/v2\/types\/page"}],"author":[{"embeddable":true,"href":"https:\/\/autotrainmu.xyz\/index\/index.php?rest_route=\/wp\/v2\/users\/2"}],"replies":[{"embeddable":true,"href":"https:\/\/autotrainmu.xyz\/index\/index.php?rest_route=%2Fwp%2Fv2%2Fcomments&post=295"}],"version-history":[{"count":3,"href":"https:\/\/autotrainmu.xyz\/index\/index.php?rest_route=\/wp\/v2\/pages\/295\/revisions"}],"predecessor-version":[{"id":361,"href":"https:\/\/autotrainmu.xyz\/index\/index.php?rest_route=\/wp\/v2\/pages\/295\/revisions\/361"}],"wp:attachment":[{"href":"https:\/\/autotrainmu.xyz\/index\/index.php?rest_route=%2Fwp%2Fv2%2Fmedia&parent=295"}],"curies":[{"name":"wp","href":"https:\/\/api.w.org\/{rel}","templated":true}]}}